{"id":78,"date":"2023-10-21T14:08:57","date_gmt":"2023-10-21T14:08:57","guid":{"rendered":"https:\/\/www.untamalankyla.fi\/?page_id=78"},"modified":"2025-09-01T14:26:56","modified_gmt":"2025-09-01T14:26:56","slug":"etusivu","status":"publish","type":"page","link":"https:\/\/www.untamalankyla.fi\/","title":{"rendered":"Etusivu"},"content":{"rendered":"\n<div class=\"wp-block-group alignfull\"><div class=\"wp-block-group__inner-container is-layout-constrained wp-block-group-is-layout-constrained\"><\/div><\/div>\n\n\n\n<h2 class=\"wp-block-heading has-text-align-left\">TERVETULOA TUTUSTUMAAN UNTAMALAN KYL\u00c4\u00c4N!<\/h2>\n\n\n\n<p>Untamala on perinteinen maalaispit\u00e4j\u00e4, jossa on paljon luonnon kauneutta.<br>Sijaitsemme Etel\u00e4-Pohjanmaalla Sein\u00e4joen maalaiskunnassa.<br>Meill\u00e4 toimii kyl\u00e4yhdistys, joka vuokraa tilojaan erilaisiin kokoontumisiin sek\u00e4 k\u00f6kk\u00e4toimikunta, joka on vahvasti mukana erilaisten tapahtumien j\u00e4rjest\u00e4misess\u00e4.<\/p>\n\n\n\n<div class=\"wp-block-media-text is-stacked-on-mobile\"><figure class=\"wp-block-media-text__media\"><img fetchpriority=\"high\" decoding=\"async\" width=\"1024\" height=\"484\" src=\"https:\/\/www.untamalankyla.fi\/wp-content\/uploads\/2023\/08\/IMG_20220611_142450-1024x484.jpg\" alt=\"\" class=\"wp-image-51 size-full\" srcset=\"https:\/\/www.untamalankyla.fi\/wp-content\/uploads\/2023\/08\/IMG_20220611_142450-1024x484.jpg 1024w, https:\/\/www.untamalankyla.fi\/wp-content\/uploads\/2023\/08\/IMG_20220611_142450-300x142.jpg 300w, https:\/\/www.untamalankyla.fi\/wp-content\/uploads\/2023\/08\/IMG_20220611_142450-768x363.jpg 768w, https:\/\/www.untamalankyla.fi\/wp-content\/uploads\/2023\/08\/IMG_20220611_142450-1536x725.jpg 1536w, https:\/\/www.untamalankyla.fi\/wp-content\/uploads\/2023\/08\/IMG_20220611_142450-2048x967.jpg 2048w\" sizes=\"(max-width: 767px) 89vw, (max-width: 1000px) 54vw, (max-width: 1071px) 543px, 580px\" \/><\/figure><div class=\"wp-block-media-text__content\">\n<h2 class=\"wp-block-heading\"><strong>Kauniita maalaismaisemia<\/strong><\/h2>\n\n\n\n<p>Untamala on hyvin kaunis maalaispit\u00e4j\u00e4, josta kyl\u00e4mme asukkaat ovat ylpeit\u00e4. Sanonta &#8221;T\u00e4\u00e4ll\u00e4 sielu lep\u00e4\u00e4&#8221; kuvastaa todella hyvin kyl\u00e4\u00e4mme.<\/p>\n<\/div><\/div>\n\n\n\n<h2 class=\"wp-block-heading\"><strong>Historiaa kuvina<\/strong><\/h2>\n\n\n\n<p>Untamalan uusi valokuvakirja on paljon muutakin kuin valokuvakirja. Se avaa historiallisia tapahtumia, joiden laineet ovat ly\u00f6neet my\u00f6s Untamalaan. Ohessa maistiainen kirjan sis\u00e4ll\u00f6st\u00e4. Toki kirja on suurelta osin valokuvia entisest\u00e4 ja nykyisest\u00e4 Untamalasta. Kirjassa on 399 sivua ja jopa 1500 kuvaa!<br>Kirjaa on mahdollisuus ostaa ja tilata. Kirjan hinta 50\u20ac, k\u00e4teinen tai pankkisiirto. Postitus 15\u20ac. <\/p>\n\n\n\n<p>P\u00e4ivitys 1.9.2025: Kirjan hinta alennettu, 30 \u20ac\/kpl, 2 kpl 50 \u20ac.<br>Tilaa kirja: Pentti Heiska 044 309 3440, Jaakko Lammi 050 562 5332, Antti Lammi 040 728 6342<\/p>\n\n\n\n<figure class=\"wp-block-gallery has-nested-images columns-default is-cropped wp-block-gallery-1 is-layout-flex wp-block-gallery-is-layout-flex\">\n<figure class=\"wp-block-image size-large\"><img decoding=\"async\" width=\"720\" height=\"472\" data-id=\"12\" src=\"https:\/\/www.untamalankyla.fi\/wp-content\/uploads\/2023\/08\/Untamalan-valokuvakirja.jpg\" alt=\"\" class=\"wp-image-12\" srcset=\"https:\/\/www.untamalankyla.fi\/wp-content\/uploads\/2023\/08\/Untamalan-valokuvakirja.jpg 720w, https:\/\/www.untamalankyla.fi\/wp-content\/uploads\/2023\/08\/Untamalan-valokuvakirja-300x197.jpg 300w\" sizes=\"(max-width: 720px) 100vw, 720px\" \/><\/figure>\n\n\n\n<figure class=\"wp-block-image size-large\"><img decoding=\"async\" width=\"725\" height=\"1024\" data-id=\"13\" src=\"https:\/\/www.untamalankyla.fi\/wp-content\/uploads\/2023\/08\/Valokuvakirja-hinnasto-725x1024.jpg\" alt=\"\" class=\"wp-image-13\" srcset=\"https:\/\/www.untamalankyla.fi\/wp-content\/uploads\/2023\/08\/Valokuvakirja-hinnasto-725x1024.jpg 725w, https:\/\/www.untamalankyla.fi\/wp-content\/uploads\/2023\/08\/Valokuvakirja-hinnasto-212x300.jpg 212w, https:\/\/www.untamalankyla.fi\/wp-content\/uploads\/2023\/08\/Valokuvakirja-hinnasto-768x1085.jpg 768w, https:\/\/www.untamalankyla.fi\/wp-content\/uploads\/2023\/08\/Valokuvakirja-hinnasto-1087x1536.jpg 1087w, https:\/\/www.untamalankyla.fi\/wp-content\/uploads\/2023\/08\/Valokuvakirja-hinnasto.jpg 1449w\" sizes=\"(max-width: 725px) 100vw, 725px\" \/><\/figure>\n<\/figure>\n\n\n\n<h2 class=\"wp-block-heading\"><strong>UIMAPAIKAT<\/strong><\/h2>\n\n\n\n<div class=\"wp-block-media-text is-stacked-on-mobile is-image-fill-element\" style=\"grid-template-columns:52% auto\"><figure class=\"wp-block-media-text__media\"><img loading=\"lazy\" decoding=\"async\" width=\"960\" height=\"540\" src=\"https:\/\/www.untamalankyla.fi\/wp-content\/uploads\/2023\/08\/Lamminkangas.jpg\" alt=\"\" class=\"wp-image-11 size-full\" style=\"object-position:50% 50%\" srcset=\"https:\/\/www.untamalankyla.fi\/wp-content\/uploads\/2023\/08\/Lamminkangas.jpg 960w, https:\/\/www.untamalankyla.fi\/wp-content\/uploads\/2023\/08\/Lamminkangas-300x169.jpg 300w, https:\/\/www.untamalankyla.fi\/wp-content\/uploads\/2023\/08\/Lamminkangas-768x432.jpg 768w\" sizes=\"(max-width: 767px) 89vw, (max-width: 1000px) 54vw, (max-width: 1071px) 543px, 580px\" \/><\/figure><div class=\"wp-block-media-text__content\">\n<h3 class=\"wp-block-heading\"><strong>Lamminkangas<\/strong><\/h3>\n\n\n\n<p>Meill\u00e4 sijaitsee suosittu Lamminkankaan uimaranta.<\/p>\n\n\n\n<p style=\"padding-bottom:var(--wp--preset--spacing--40)\">Uimarannan laituri on vasta kunnostettu ja sielt\u00e4 l\u00f6ytyy pukukopit vaatteidenvaihtoon.<\/p>\n<\/div><\/div>\n\n\n\n<div class=\"wp-block-media-text has-media-on-the-right is-stacked-on-mobile\"><div class=\"wp-block-media-text__content\">\n<p>Hiekkamontuiltamme l\u00f6ytyy my\u00f6s toinen hieno uimapaikka, <strong>Kokkokangas<\/strong>. <\/p>\n<\/div><figure class=\"wp-block-media-text__media\"><img loading=\"lazy\" decoding=\"async\" width=\"1024\" height=\"766\" src=\"https:\/\/www.untamalankyla.fi\/wp-content\/uploads\/2023\/08\/IMG_20220627_174757-1024x766.jpg\" alt=\"\" class=\"wp-image-53 size-full\" srcset=\"https:\/\/www.untamalankyla.fi\/wp-content\/uploads\/2023\/08\/IMG_20220627_174757-1024x766.jpg 1024w, https:\/\/www.untamalankyla.fi\/wp-content\/uploads\/2023\/08\/IMG_20220627_174757-300x224.jpg 300w, https:\/\/www.untamalankyla.fi\/wp-content\/uploads\/2023\/08\/IMG_20220627_174757-768x574.jpg 768w, https:\/\/www.untamalankyla.fi\/wp-content\/uploads\/2023\/08\/IMG_20220627_174757-1536x1149.jpg 1536w, https:\/\/www.untamalankyla.fi\/wp-content\/uploads\/2023\/08\/IMG_20220627_174757-2048x1532.jpg 2048w\" sizes=\"(max-width: 767px) 89vw, (max-width: 1000px) 54vw, (max-width: 1071px) 543px, 580px\" \/><\/figure><\/div>\n","protected":false},"excerpt":{"rendered":"<p>TERVETULOA TUTUSTUMAAN UNTAMALAN KYL\u00c4\u00c4N! Untamala on perinteinen maalaispit\u00e4j\u00e4, jossa on paljon luonnon kauneutta.Sijaitsemme Etel\u00e4-Pohjanmaalla Sein\u00e4joen maalaiskunnassa.Meill\u00e4 toimii kyl\u00e4yhdistys, joka vuokraa tilojaan erilaisiin kokoontumisiin sek\u00e4 k\u00f6kk\u00e4toimikunta, joka on vahvasti mukana erilaisten tapahtumien j\u00e4rjest\u00e4misess\u00e4. Kauniita maalaismaisemia Untamala on hyvin kaunis maalaispit\u00e4j\u00e4, josta kyl\u00e4mme asukkaat ovat ylpeit\u00e4. Sanonta &#8221;T\u00e4\u00e4ll\u00e4 sielu lep\u00e4\u00e4&#8221; kuvastaa todella hyvin kyl\u00e4\u00e4mme. Historiaa kuvina Untamalan &hellip; <\/p>\n<p class=\"link-more\"><a href=\"https:\/\/www.untamalankyla.fi\/\" class=\"more-link\">Jatka lukemista<span class=\"screen-reader-text\"> &#8221;Etusivu&#8221;<\/span><\/a><\/p>\n","protected":false},"author":1,"featured_media":0,"parent":0,"menu_order":0,"comment_status":"closed","ping_status":"closed","template":"","meta":{"footnotes":""},"class_list":["post-78","page","type-page","status-publish","hentry"],"_links":{"self":[{"href":"https:\/\/www.untamalankyla.fi\/index.php\/wp-json\/wp\/v2\/pages\/78","targetHints":{"allow":["GET"]}}],"collection":[{"href":"https:\/\/www.untamalankyla.fi\/index.php\/wp-json\/wp\/v2\/pages"}],"about":[{"href":"https:\/\/www.untamalankyla.fi\/index.php\/wp-json\/wp\/v2\/types\/page"}],"author":[{"embeddable":true,"href":"https:\/\/www.untamalankyla.fi\/index.php\/wp-json\/wp\/v2\/users\/1"}],"replies":[{"embeddable":true,"href":"https:\/\/www.untamalankyla.fi\/index.php\/wp-json\/wp\/v2\/comments?post=78"}],"version-history":[{"count":7,"href":"https:\/\/www.untamalankyla.fi\/index.php\/wp-json\/wp\/v2\/pages\/78\/revisions"}],"predecessor-version":[{"id":223,"href":"https:\/\/www.untamalankyla.fi\/index.php\/wp-json\/wp\/v2\/pages\/78\/revisions\/223"}],"wp:attachment":[{"href":"https:\/\/www.untamalankyla.fi\/index.php\/wp-json\/wp\/v2\/media?parent=78"}],"curies":[{"name":"wp","href":"https:\/\/api.w.org\/{rel}","templated":true}]}}